{"id":18,"date":"2022-12-27T15:21:58","date_gmt":"2022-12-27T15:21:58","guid":{"rendered":"https:\/\/hoanxa.com.vn\/?page_id=18"},"modified":"2023-10-16T14:13:49","modified_gmt":"2023-10-16T07:13:49","slug":"doi-tac","status":"publish","type":"page","link":"https:\/\/hoanxa.com.vn\/?page_id=18","title":{"rendered":"\u0110\u1ed1i t\u00e1c"},"content":{"rendered":"\t<section class=\"section\" id=\"section_1243090411\">\n\t\t<div class=\"bg section-bg fill bg-fill  bg-loaded\" >\n\n\t\t\t\n\t\t\t<button class=\"scroll-for-more z-5 icon absolute bottom h-center\" aria-label=\"Scroll for more\"><i class=\"icon-angle-down\" style=\"font-size:42px;\" ><\/i><\/button>\n\t\t\t\n\n\t\t<\/div>\n\n\t\t\n\n\t\t<div class=\"section-content relative\">\n\t\t\t\n\n<div class=\"row align-center\"  id=\"row-1356440261\">\n\n\n\t<div id=\"col-1992464030\" class=\"col medium-5 small-12 large-5\"  >\n\t\t\t\t<div class=\"col-inner\"  >\n\t\t\t\n\t\t\t\n\n<div class=\"container section-title-container\" ><h2 class=\"section-title section-title-center\"><b><\/b><span class=\"section-title-main\" >\u0110\u1ed0I T\u00c1C<\/span><b><\/b><\/h2><\/div>\n\n\t<div id=\"text-2208921489\" class=\"text\">\n\t\t\n\n<div class=\"mfn_heading heading_lines align_left\">\n<h2 class=\"title\" style=\"text-align: left;\"><span style=\"font-size: 75%;\">Ho\u00e0n Xa t\u1ef1 h\u00e0o khi tr\u1edf th\u00e0nh \u0111\u1ed1i t\u00e1c v\u00e0 nh\u00e0 nh\u1eadp kh\u1ea9u c\u1ee7a h\u01a1n 15 th\u01b0\u01a1ng hi\u1ec7u s\u1ea3n xu\u1ea5t \u0111\u1ebfn t\u1eeb nh\u1eefng n\u1ec1n c\u00f4ng nghi\u1ec7p \u00f4 t\u00f4 ph\u00e1t tri\u1ec3n nh\u1ea5t tr\u00ean th\u1ebf gi\u1edbi nh\u01b0 Italy, USA, Thu\u1ef7 \u0110i\u1ec3n, Nh\u1eadt\u2026<\/span><\/h2>\n<\/div>\n<p>Th\u1ebf m\u1ea1nh c\u1ee7a Ho\u00e0n Xa l\u00e0 gi\u1ea3i ph\u00e1p v\u00e0 c\u00f4ng ngh\u1ec7, lu\u00f4n lu\u00f4n \u0111i \u0111\u1ea7u trong ng\u00e0nh v\u1edbi c\u00e1c gi\u1ea3i ph\u00e1p t\u1ed1i \u01b0u v\u00e0 c\u00f4ng ngh\u1ec7 ti\u00ean ti\u1ebfn, c\u00f9ng mong mu\u1ed1n \u0111\u01b0\u1ee3c \u0111\u1ed3ng h\u00e0nh c\u00f9ng s\u1ef1 ph\u00e1t tri\u1ec3n c\u1ee7a ng\u00e0nh \u00f4 t\u00f4 Vi\u1ec7t Nam.<\/p>\n<p>L\u00e0 \u0111\u01a1n v\u1ecb \u0111\u1ea7u ti\u00ean mang h\u1ec7 th\u1ed1ng ch\u00e0 kh\u00f4 v\u1ec1 th\u1ecb tr\u01b0\u1eddng Vi\u1ec7t Nam, \u0111\u1ebfn nay Ho\u00e0n Xa \u0111\u00e3 c\u00f3 18 n\u0103m tr\u1edf th\u00e0nh nh\u00e0 nh\u1eadp kh\u1ea9u c\u1ee7a th\u01b0\u01a1ng hi\u1ec7u RUPES. V\u1edbi 23 n\u0103m tr\u1edf th\u00e0nh nh\u00e0 nh\u1eadp kh\u1ea9u th\u01b0\u01a1ng hi\u1ec7u C\u1ea7u n\u00e2ng Ravaglioli, Bu\u1ed3ng s\u01a1n Nova Verta, 20 n\u0103m l\u00e0 nh\u00e0 nh\u1eadp kh\u1ea9u v\u00e0 ph\u00e2n ph\u1ed1i thi\u1ebft b\u1ecb s\u01a1n v\u00e0 s\u00fang s\u01a1n c\u1ee7a Anest Iwata, c\u0169ng nh\u01b0 l\u00e0 nh\u00e0 nh\u1eadp kh\u1ea9u v\u00e0 ph\u00e2n ph\u1ed1i l\u00e2u n\u0103m c\u1ee7a c\u00e1c th\u01b0\u01a1ng hi\u1ec7u \u0111\u1ee9ng \u0111\u1ea7u v\u1ec1 s\u1ea3n xu\u1ea5t thi\u1ebft b\u1ecb, d\u1ee5ng c\u1ee5 v\u00e0 v\u1eadt t\u01b0 \u00f4 t\u00f4 nh\u01b0 Banzai, Hunter, Cartar, 3M, Symach, Brainbee, Scangrip, SAMOA\u2026<\/p>\n\t\t\n<style>\n#text-2208921489 {\n  font-size: 1rem;\n  line-height: 2;\n}\n<\/style>\n\t<\/div>\n\t\n\n\t\t<\/div>\n\t\t\t\t\t<\/div>\n\n\t\n\n\t<div id=\"col-921898487\" class=\"col medium-5 small-12 large-5\"  >\n\t\t\t\t<div class=\"col-inner\"  >\n\t\t\t\n\t\t\t\n\n\t<div class=\"img has-hover x md-x lg-x y md-y lg-y\" id=\"image_858826483\">\n\t\t\t\t\t\t\t\t<div class=\"img-inner dark\" >\n\t\t\t<img loading=\"lazy\" decoding=\"async\" width=\"768\" height=\"543\" src=\"https:\/\/hoanxa.com.vn\/wp-content\/uploads\/2023\/03\/3d227c571e72c42c9d63-768x543.jpg\" class=\"attachment-medium_large size-medium_large\" alt=\"\" srcset=\"https:\/\/hoanxa.com.vn\/wp-content\/uploads\/2023\/03\/3d227c571e72c42c9d63-768x543.jpg 768w, https:\/\/hoanxa.com.vn\/wp-content\/uploads\/2023\/03\/3d227c571e72c42c9d63-510x361.jpg 510w, https:\/\/hoanxa.com.vn\/wp-content\/uploads\/2023\/03\/3d227c571e72c42c9d63-300x212.jpg 300w, https:\/\/hoanxa.com.vn\/wp-content\/uploads\/2023\/03\/3d227c571e72c42c9d63-1024x724.jpg 1024w, https:\/\/hoanxa.com.vn\/wp-content\/uploads\/2023\/03\/3d227c571e72c42c9d63.jpg 1479w\" sizes=\"(max-width: 768px) 100vw, 768px\" \/>\t\t\t\t\t\t\n\t\t\t\t\t<\/div>\n\t\t\t\t\t\t\t\t\n<style>\n#image_858826483 {\n  width: 100%;\n}\n<\/style>\n\t<\/div>\n\t\n\n\t<div class=\"img has-hover x md-x lg-x y md-y lg-y\" id=\"image_1835920693\">\n\t\t\t\t\t\t\t\t<div class=\"img-inner dark\" >\n\t\t\t<img loading=\"lazy\" decoding=\"async\" width=\"1020\" height=\"677\" src=\"https:\/\/hoanxa.com.vn\/wp-content\/uploads\/2023\/03\/DSC_0002-1024x680.jpg\" class=\"attachment-large size-large\" alt=\"\" srcset=\"https:\/\/hoanxa.com.vn\/wp-content\/uploads\/2023\/03\/DSC_0002-1024x680.jpg 1024w, https:\/\/hoanxa.com.vn\/wp-content\/uploads\/2023\/03\/DSC_0002-scaled-510x339.jpg 510w, https:\/\/hoanxa.com.vn\/wp-content\/uploads\/2023\/03\/DSC_0002-300x199.jpg 300w, https:\/\/hoanxa.com.vn\/wp-content\/uploads\/2023\/03\/DSC_0002-768x510.jpg 768w, https:\/\/hoanxa.com.vn\/wp-content\/uploads\/2023\/03\/DSC_0002-1536x1020.jpg 1536w, https:\/\/hoanxa.com.vn\/wp-content\/uploads\/2023\/03\/DSC_0002-2048x1360.jpg 2048w\" sizes=\"(max-width: 1020px) 100vw, 1020px\" \/>\t\t\t\t\t\t\n\t\t\t\t\t<\/div>\n\t\t\t\t\t\t\t\t\n<style>\n#image_1835920693 {\n  width: 100%;\n}\n<\/style>\n\t<\/div>\n\t\n\n\n\t\t<\/div>\n\t\t\t\t\t<\/div>\n\n\t\n\n<\/div>\n<div class=\"row\"  id=\"row-2072780846\">\n\n\n\t<div id=\"col-1885286970\" class=\"col small-12 large-12\"  >\n\t\t\t\t<div class=\"col-inner\"  >\n\t\t\t\n\t\t\t\n\n<div class=\"container section-title-container\" ><h2 class=\"section-title section-title-center\"><b><\/b><span class=\"section-title-main\" >TH\u01af\u01a0NG HI\u1ec6U<\/span><b><\/b><\/h2><\/div>\n\n\n\t\t<\/div>\n\t\t\t\t\t<\/div>\n\n\t\n\n\t<div id=\"col-1047608748\" class=\"col small-12 large-12\"  data-animate=\"fadeInUp\">\n\t\t\t\t<div class=\"col-inner\"  >\n\t\t\t\n\t\t\t\n\n<div class=\"row\"  id=\"row-1965405262\">\n\n\n\t<div id=\"col-29805595\" class=\"col medium-3 small-12 large-3\"  >\n\t\t\t\t<div class=\"col-inner\"  >\n\t\t\t\n\t\t\t\n\n\t<div class=\"box has-hover   has-hover box-shadow-3 box-text-bottom\" >\n\n\t\t<div class=\"box-image\" >\n\t\t\t<a href=\"https:\/\/www.novaverta.it\/en\/\" target=\"_blank\" rel=\"noopener noreferrer\" >\t\t\t<div class=\"\" >\n\t\t\t\t<img loading=\"lazy\" decoding=\"async\" width=\"254\" height=\"247\" src=\"https:\/\/hoanxa.com.vn\/wp-content\/uploads\/2023\/02\/Nova-Verta-2.png\" class=\"attachment- size-\" alt=\"\" \/>\t\t\t\t\t\t\t\t\t\t\t<\/div>\n\t\t\t<\/a>\t\t<\/div>\n\n\t\t<div class=\"box-text text-center\" >\n\t\t\t<div class=\"box-text-inner\">\n\t\t\t\t\n\n<h3 style=\"text-align: center;\"><span style=\"font-size: 120%; color: #f04f50;\">Nova Verta (Italy)<\/span><\/h3>\n<p style=\"text-align: center;\">Bu\u1ed3ng s\u01a1n s\u1ea5y<\/p>\n<p>&nbsp;<\/p>\n<p>&nbsp;<\/p>\n\n\t\t\t<\/div>\n\t\t<\/div>\n\t<\/div>\n\t\n\n\t\t<\/div>\n\t\t\t\t\t<\/div>\n\n\t\n\n\t<div id=\"col-1953951650\" class=\"col medium-3 small-12 large-3\"  >\n\t\t\t\t<div class=\"col-inner box-shadow-3\"  >\n\t\t\t\n\t\t\t\n\n\t<div class=\"box has-hover   has-hover box-text-bottom\" >\n\n\t\t<div class=\"box-image\" >\n\t\t\t<a href=\"https:\/\/www.banzai.co.jp\/\" target=\"_blank\" rel=\"noopener noreferrer\" >\t\t\t<div class=\"\" >\n\t\t\t\t<img loading=\"lazy\" decoding=\"async\" width=\"254\" height=\"247\" src=\"https:\/\/hoanxa.com.vn\/wp-content\/uploads\/2023\/02\/Banzai-2.png\" class=\"attachment- size-\" alt=\"\" \/>\t\t\t\t\t\t\t\t\t\t\t<\/div>\n\t\t\t<\/a>\t\t<\/div>\n\n\t\t<div class=\"box-text text-center\" >\n\t\t\t<div class=\"box-text-inner\">\n\t\t\t\t\n\n<h3 style=\"text-align: center;\"><span style=\"font-size: 120%; color: #f04f50;\">Banzai (Nh\u1eadt B\u1ea3n)<\/span><\/h3>\n<p style=\"text-align: center;\">C\u1ea7u n\u00e2ng, thi\u1ebft b\u1ecb ki\u1ec3m tra, d\u1ee5ng c\u1ee5 nh\u00e0 x\u01b0\u1edfng<\/p>\n<p>&nbsp;<\/p>\n\n\t\t\t<\/div>\n\t\t<\/div>\n\t<\/div>\n\t\n\n\t\t<\/div>\n\t\t\t\t\t<\/div>\n\n\t\n\n\t<div id=\"col-612946303\" class=\"col medium-3 small-12 large-3\"  >\n\t\t\t\t<div class=\"col-inner box-shadow-3\"  >\n\t\t\t\n\t\t\t\n\n\t<div class=\"box has-hover   has-hover box-text-bottom\" >\n\n\t\t<div class=\"box-image\" >\n\t\t\t<a href=\"https:\/\/www.rupes.com\/\" target=\"_blank\" rel=\"noopener noreferrer\" >\t\t\t<div class=\"\" >\n\t\t\t\t<img loading=\"lazy\" decoding=\"async\" width=\"254\" height=\"247\" src=\"https:\/\/hoanxa.com.vn\/wp-content\/uploads\/2023\/02\/RUPES-2.png\" class=\"attachment- size-\" alt=\"\" \/>\t\t\t\t\t\t\t\t\t\t\t<\/div>\n\t\t\t<\/a>\t\t<\/div>\n\n\t\t<div class=\"box-text text-center\" >\n\t\t\t<div class=\"box-text-inner\">\n\t\t\t\t\n\n<h3 style=\"text-align: center;\"><span style=\"font-size: 120%; color: #f04f50;\">RUPES (Italy)<\/span><\/h3>\n<p style=\"text-align: center;\">H\u1ec7 th\u1ed1ng t\u1ee7 h\u00fat trung t\u00e2m, h\u1ec7 th\u1ed1ng ch\u00e0 kh\u00f4, h\u1ec7 th\u1ed1ng s\u1eeda l\u1ed7i b\u1ec1 m\u1eb7t<\/p>\n\n\t\t\t<\/div>\n\t\t<\/div>\n\t<\/div>\n\t\n\n\t\t<\/div>\n\t\t\t\t\t<\/div>\n\n\t\n\n\t<div id=\"col-1112661489\" class=\"col medium-3 small-12 large-3\"  >\n\t\t\t\t<div class=\"col-inner box-shadow-3\"  >\n\t\t\t\n\t\t\t\n\n\t<div class=\"box has-hover   has-hover box-text-bottom\" >\n\n\t\t<div class=\"box-image\" >\n\t\t\t<a href=\"https:\/\/www.hedson.com\/\" target=\"_blank\" rel=\"noopener noreferrer\" >\t\t\t<div class=\"\" >\n\t\t\t\t<img loading=\"lazy\" decoding=\"async\" width=\"254\" height=\"247\" src=\"https:\/\/hoanxa.com.vn\/wp-content\/uploads\/2023\/02\/Hedson-2.png\" class=\"attachment- size-\" alt=\"\" \/>\t\t\t\t\t\t\t\t\t\t\t<\/div>\n\t\t\t<\/a>\t\t<\/div>\n\n\t\t<div class=\"box-text text-center\" >\n\t\t\t<div class=\"box-text-inner\">\n\t\t\t\t\n\n<h3 style=\"text-align: center;\"><span style=\"font-size: 120%; color: #f04f50;\">Hedson (Th\u1ee5y \u0110i\u1ec3n)<\/span><\/h3>\n<p style=\"text-align: center;\">\u0110\u00e8n s\u1ea5y s\u01a1n, t\u1ee7 r\u1eeda s\u00fang<\/p>\n<p>&nbsp;<\/p>\n<p>&nbsp;<\/p>\n\n\t\t\t<\/div>\n\t\t<\/div>\n\t<\/div>\n\t\n\n\t\t<\/div>\n\t\t\t\t\t<\/div>\n\n\t\n\n<\/div>\n<div class=\"row\"  id=\"row-1424362535\">\n\n\n\t<div id=\"col-436492998\" class=\"col medium-3 small-12 large-3\"  >\n\t\t\t\t<div class=\"col-inner box-shadow-3\"  >\n\t\t\t\n\t\t\t\n\n\t<div class=\"box has-hover   has-hover box-shadow-2 box-text-bottom\" >\n\n\t\t<div class=\"box-image\" >\n\t\t\t<a href=\"http:\/\/anest-iwata.vn\/\" target=\"_blank\" rel=\"noopener noreferrer\" >\t\t\t<div class=\"\" >\n\t\t\t\t<img loading=\"lazy\" decoding=\"async\" width=\"254\" height=\"247\" src=\"https:\/\/hoanxa.com.vn\/wp-content\/uploads\/2023\/02\/Anest-Iwata-2.png\" class=\"attachment- size-\" alt=\"\" \/>\t\t\t\t\t\t\t\t\t\t\t<\/div>\n\t\t\t<\/a>\t\t<\/div>\n\n\t\t<div class=\"box-text text-center\" >\n\t\t\t<div class=\"box-text-inner\">\n\t\t\t\t\n\n<h3 style=\"text-align: center;\"><span style=\"font-size: 120%; color: #f04f50;\">Anest Iwata (Nh\u1eadt)<\/span><\/h3>\n<p style=\"text-align: center;\">M\u00e1y n\u00e9n kh\u00ed, s\u00fang s\u01a1n, thi\u1ebft b\u1ecb s\u01a1n<\/p>\n\n\t\t\t<\/div>\n\t\t<\/div>\n\t<\/div>\n\t\n\n\t\t<\/div>\n\t\t\t\t\t<\/div>\n\n\t\n\n\t<div id=\"col-1751692778\" class=\"col medium-3 small-12 large-3\"  >\n\t\t\t\t<div class=\"col-inner box-shadow-3\"  >\n\t\t\t\n\t\t\t\n\n\t<div class=\"box has-hover   has-hover box-text-bottom\" >\n\n\t\t<div class=\"box-image\" >\n\t\t\t<a href=\"https:\/\/www.3m.com.vn\/\" target=\"_blank\" rel=\"noopener noreferrer\" >\t\t\t<div class=\"\" >\n\t\t\t\t<img loading=\"lazy\" decoding=\"async\" width=\"254\" height=\"247\" src=\"https:\/\/hoanxa.com.vn\/wp-content\/uploads\/2023\/02\/3M-2.png\" class=\"attachment- size-\" alt=\"\" \/>\t\t\t\t\t\t\t\t\t\t\t<\/div>\n\t\t\t<\/a>\t\t<\/div>\n\n\t\t<div class=\"box-text text-center\" >\n\t\t\t<div class=\"box-text-inner\">\n\t\t\t\t\n\n<h3 style=\"text-align: center;\"><span style=\"font-size: 120%; color: #f04f50;\">3M (USA)<\/span><\/h3>\n<p style=\"text-align: center;\">V\u1eadt t\u01b0 ng\u00e0nh s\u01a1n, c\u00e1c s\u1ea3n ph\u1ea9m ch\u0103m s\u00f3c xe<\/p>\n\n\t\t\t<\/div>\n\t\t<\/div>\n\t<\/div>\n\t\n\n\t\t<\/div>\n\t\t\t\t\t<\/div>\n\n\t\n\n\t<div id=\"col-1492626262\" class=\"col medium-3 small-12 large-3\"  >\n\t\t\t\t<div class=\"col-inner box-shadow-3\"  >\n\t\t\t\n\t\t\t\n\n\t<div class=\"box has-hover   has-hover box-text-bottom\" >\n\n\t\t<div class=\"box-image\" >\n\t\t\t<a href=\"https:\/\/www.deaworklab.it\/\" target=\"_blank\" rel=\"noopener noreferrer\" >\t\t\t<div class=\"\" >\n\t\t\t\t<img loading=\"lazy\" decoding=\"async\" width=\"254\" height=\"247\" src=\"https:\/\/hoanxa.com.vn\/wp-content\/uploads\/2023\/02\/dea-2.png\" class=\"attachment- size-\" alt=\"\" \/>\t\t\t\t\t\t\t\t\t\t\t<\/div>\n\t\t\t<\/a>\t\t<\/div>\n\n\t\t<div class=\"box-text text-center\" >\n\t\t\t<div class=\"box-text-inner\">\n\t\t\t\t\n\n<h3 style=\"text-align: center;\"><span style=\"font-size: 120%; color: #f04f50;\">DEA (Italy)<\/span><\/h3>\n<p style=\"text-align: center;\">H\u1ec7 th\u1ed1ng t\u1ee7, b\u00e0n l\u00e0m vi\u1ec7c nh\u00e0 x\u01b0\u1edfng<\/p>\n\n\t\t\t<\/div>\n\t\t<\/div>\n\t<\/div>\n\t\n\n\t\t<\/div>\n\t\t\t\t\t<\/div>\n\n\t\n\n\t<div id=\"col-1992497249\" class=\"col medium-3 small-12 large-3\"  >\n\t\t\t\t<div class=\"col-inner box-shadow-3\"  >\n\t\t\t\n\t\t\t\n\n\t<div class=\"box has-hover   has-hover box-text-bottom\" >\n\n\t\t<div class=\"box-image\" >\n\t\t\t<a href=\"https:\/\/cartar.com.au\/\" target=\"_blank\" rel=\"noopener noreferrer\" >\t\t\t<div class=\"\" >\n\t\t\t\t<img loading=\"lazy\" decoding=\"async\" width=\"254\" height=\"247\" src=\"https:\/\/hoanxa.com.vn\/wp-content\/uploads\/2023\/02\/Cartar-2.png\" class=\"attachment- size-\" alt=\"\" \/>\t\t\t\t\t\t\t\t\t\t\t<\/div>\n\t\t\t<\/a>\t\t<\/div>\n\n\t\t<div class=\"box-text text-center\" >\n\t\t\t<div class=\"box-text-inner\">\n\t\t\t\t\n\n<h3 style=\"text-align: center;\"><span style=\"font-size: 120%; color: #f04f50;\">Cartar (\u00dac)<\/span><\/h3>\n<p style=\"text-align: center;\">C\u1ea7u n\u00e2ng di \u0111\u1ed9ng<\/p>\n<p>&nbsp;<\/p>\n\n\t\t\t<\/div>\n\t\t<\/div>\n\t<\/div>\n\t\n\n\t\t<\/div>\n\t\t\t\t\t<\/div>\n\n\t\n\n<\/div>\n<div class=\"row\"  id=\"row-259081454\">\n\n\n\t<div id=\"col-1654821817\" class=\"col medium-3 small-12 large-3\"  >\n\t\t\t\t<div class=\"col-inner box-shadow-3\"  >\n\t\t\t\n\t\t\t\n\n\t<div class=\"box has-hover   has-hover box-text-bottom\" >\n\n\t\t<div class=\"box-image\" >\n\t\t\t<a href=\"https:\/\/www.scangrip.com\/\" target=\"_blank\" rel=\"noopener noreferrer\" >\t\t\t<div class=\"image-glow\" >\n\t\t\t\t<img loading=\"lazy\" decoding=\"async\" width=\"254\" height=\"247\" src=\"https:\/\/hoanxa.com.vn\/wp-content\/uploads\/2023\/02\/Scangrip-2.png\" class=\"attachment- size-\" alt=\"\" \/>\t\t\t\t\t\t\t\t\t\t\t<\/div>\n\t\t\t<\/a>\t\t<\/div>\n\n\t\t<div class=\"box-text text-center\" >\n\t\t\t<div class=\"box-text-inner\">\n\t\t\t\t\n\n<h3 style=\"text-align: center;\"><span style=\"font-size: 120%; color: #f04f50;\">Scangrip (\u0110an M\u1ea1ch)<\/span><\/h3>\n<p style=\"text-align: center;\">\u0110\u00e8n chi\u1ebfu s\u00e1ng nh\u00e0 x\u01b0\u1edfng, \u0111\u00e8n soi m\u00e0u, soi l\u1ed7i s\u01a1n<\/p>\n\n\t\t\t<\/div>\n\t\t<\/div>\n\t<\/div>\n\t\n\n\t\t<\/div>\n\t\t\t\t\t<\/div>\n\n\t\n\n\t<div id=\"col-1235725735\" class=\"col medium-3 small-12 large-3\"  >\n\t\t\t\t<div class=\"col-inner box-shadow-3\"  >\n\t\t\t\n\t\t\t\n\n\t<div class=\"box has-hover   has-hover box-text-bottom\" >\n\n\t\t<div class=\"box-image\" >\n\t\t\t<a href=\"https:\/\/www.mahle.com\/\" target=\"_blank\" rel=\"noopener noreferrer\" >\t\t\t<div class=\"\" >\n\t\t\t\t<img loading=\"lazy\" decoding=\"async\" width=\"254\" height=\"247\" src=\"https:\/\/hoanxa.com.vn\/wp-content\/uploads\/2023\/02\/Mahle-2.png\" class=\"attachment- size-\" alt=\"\" \/>\t\t\t\t\t\t\t\t\t\t\t<\/div>\n\t\t\t<\/a>\t\t<\/div>\n\n\t\t<div class=\"box-text text-center\" >\n\t\t\t<div class=\"box-text-inner\">\n\t\t\t\t\n\n<h3 style=\"text-align: center;\"><span style=\"font-size: 120%; color: #f04f50;\">Mahle (Italy)<\/span><\/h3>\n<p style=\"text-align: center;\">H\u1ec7 th\u1ed1ng m\u00e1y ki\u1ec3m tra kh\u00ed th\u1ea3i<\/p>\n<p>&nbsp;<\/p>\n\n\t\t\t<\/div>\n\t\t<\/div>\n\t<\/div>\n\t\n\n\t\t<\/div>\n\t\t\t\t\t<\/div>\n\n\t\n\n\t<div id=\"col-2050353760\" class=\"col medium-3 small-12 large-3\"  >\n\t\t\t\t<div class=\"col-inner box-shadow-3\"  >\n\t\t\t\n\t\t\t\n\n\t<div class=\"box has-hover   has-hover box-text-bottom\" >\n\n\t\t<div class=\"box-image\" >\n\t\t\t<a href=\"https:\/\/www.samoaindustrial.com\/\" target=\"_blank\" rel=\"noopener noreferrer\" >\t\t\t<div class=\"\" >\n\t\t\t\t<img loading=\"lazy\" decoding=\"async\" width=\"254\" height=\"247\" src=\"https:\/\/hoanxa.com.vn\/wp-content\/uploads\/2023\/02\/SAMOA-2.png\" class=\"attachment- size-\" alt=\"\" \/>\t\t\t\t\t\t\t\t\t\t\t<\/div>\n\t\t\t<\/a>\t\t<\/div>\n\n\t\t<div class=\"box-text text-center\" >\n\t\t\t<div class=\"box-text-inner\">\n\t\t\t\t\n\n<h3 style=\"text-align: center;\"><span style=\"font-size: 120%; color: #f04f50;\">SAMOA (T\u00e2y Ban Nha)<\/span><\/h3>\n<p style=\"text-align: center;\">H\u1ec7 th\u1ed1ng b\u01a1m h\u00fat d\u1ea7u th\u1ea3i<\/p>\n<p>&nbsp;<\/p>\n\n\t\t\t<\/div>\n\t\t<\/div>\n\t<\/div>\n\t\n\n\t\t<\/div>\n\t\t\t\t\t<\/div>\n\n\t\n\n\t<div id=\"col-757239743\" class=\"col medium-3 small-12 large-3\"  >\n\t\t\t\t<div class=\"col-inner box-shadow-3\"  >\n\t\t\t\n\t\t\t\n\n\t<div class=\"box has-hover   has-hover box-text-bottom\" >\n\n\t\t<div class=\"box-image\" >\n\t\t\t<a href=\"https:\/\/www.symach.com\/\" target=\"_blank\" rel=\"noopener noreferrer\" >\t\t\t<div class=\"\" >\n\t\t\t\t<img loading=\"lazy\" decoding=\"async\" width=\"254\" height=\"247\" src=\"https:\/\/hoanxa.com.vn\/wp-content\/uploads\/2023\/02\/Symach-2.png\" class=\"attachment- size-\" alt=\"\" \/>\t\t\t\t\t\t\t\t\t\t\t<\/div>\n\t\t\t<\/a>\t\t<\/div>\n\n\t\t<div class=\"box-text text-center\" >\n\t\t\t<div class=\"box-text-inner\">\n\t\t\t\t\n\n<h3 style=\"text-align: center;\"><span style=\"font-size: 120%; color: #f04f50;\">Symach (Italy)<\/span><\/h3>\n<p style=\"text-align: center;\">H\u1ec7 th\u1ed1ng Robot \u0111\u00e8n s\u1ea5y s\u01a1n<\/p>\n<p>&nbsp;<\/p>\n\n\t\t\t<\/div>\n\t\t<\/div>\n\t<\/div>\n\t\n\n\t\t<\/div>\n\t\t\t\t\t<\/div>\n\n\t\n\n<\/div>\n<div class=\"row\"  id=\"row-918120432\">\n\n\n\t<div id=\"col-1524452308\" class=\"col medium-3 small-12 large-3\"  >\n\t\t\t\t<div class=\"col-inner box-shadow-3\"  >\n\t\t\t\n\t\t\t\n\n\n\t\t<\/div>\n\t\t\t\t\t<\/div>\n\n\t\n\n\t<div id=\"col-198154225\" class=\"col medium-3 small-12 large-3\"  >\n\t\t\t\t<div class=\"col-inner box-shadow-3\"  >\n\t\t\t\n\t\t\t\n\n\n\t\t<\/div>\n\t\t\t\t\t<\/div>\n\n\t\n\n\t<div id=\"col-16744748\" class=\"col medium-3 small-12 large-3\"  >\n\t\t\t\t<div class=\"col-inner box-shadow-3\"  >\n\t\t\t\n\t\t\t\n\n\n\t\t<\/div>\n\t\t\t\t\t<\/div>\n\n\t\n\n\t<div id=\"col-70622483\" class=\"col medium-3 small-12 large-3\"  >\n\t\t\t\t<div class=\"col-inner box-shadow-3\"  >\n\t\t\t\n\t\t\t\n\n\n\t\t<\/div>\n\t\t\t\t\t<\/div>\n\n\t\n\n<\/div>\n\n\t\t<\/div>\n\t\t\t\t\t<\/div>\n\n\t\n\n<\/div>\n\n\t\t<\/div>\n\n\t\t\n<style>\n#section_1243090411 {\n  padding-top: 30px;\n  padding-bottom: 30px;\n}\n<\/style>\n\t<\/section>\n\t\n\t<section class=\"section dark\" id=\"section_410463937\">\n\t\t<div class=\"bg section-bg fill bg-fill  \" >\n\n\t\t\t\n\t\t\t\n\t\t\t\n\n\t\t<\/div>\n\n\t\t\n\n\t\t<div class=\"section-content relative\">\n\t\t\t\n\n<div class=\"row align-middle\"  id=\"row-376634672\">\n\n\n\t<div id=\"col-326740024\" class=\"col medium-6 small-12 large-6\"  >\n\t\t\t\t<div class=\"col-inner\"  >\n\t\t\t\n\t\t\t\n\n\t<div class=\"img has-hover x md-x lg-x y md-y lg-y\" id=\"image_305774975\">\n\t\t\t\t\t\t\t\t<div class=\"img-inner dark\" >\n\t\t\t<img loading=\"lazy\" decoding=\"async\" width=\"540\" height=\"669\" src=\"https:\/\/hoanxa.com.vn\/wp-content\/uploads\/2023\/02\/home_interior3_pic4.png\" class=\"attachment-original size-original\" alt=\"\" srcset=\"https:\/\/hoanxa.com.vn\/wp-content\/uploads\/2023\/02\/home_interior3_pic4.png 540w, https:\/\/hoanxa.com.vn\/wp-content\/uploads\/2023\/02\/home_interior3_pic4-510x632.png 510w, https:\/\/hoanxa.com.vn\/wp-content\/uploads\/2023\/02\/home_interior3_pic4-242x300.png 242w\" sizes=\"(max-width: 540px) 100vw, 540px\" \/>\t\t\t\t\t\t\n\t\t\t\t\t<\/div>\n\t\t\t\t\t\t\t\t\n<style>\n#image_305774975 {\n  width: 100%;\n}\n<\/style>\n\t<\/div>\n\t\n\n\n\t\t<\/div>\n\t\t\t\t\t<\/div>\n\n\t\n\n\t<div id=\"col-1868792687\" class=\"col medium-6 small-12 large-6\"  >\n\t\t\t\t<div class=\"col-inner\"  >\n\t\t\t\n\t\t\t\n\n<h2><span style=\"font-size: 150%;\">Kh\u00e1ch h\u00e0ng<\/span><\/h2>\n<p>V\u1edbi h\u01a1n 25 n\u0103m kinh nghi\u1ec7m trong ng\u00e0nh \u00f4 t\u00f4, Ho\u00e0n Xa Motor t\u1ef1 h\u00e0o l\u00e0 \u0111\u1ed1i t\u00e1c c\u1ee7a c\u00e1c nh\u00e0 m\u00e1y s\u1ea3n xu\u1ea5t, c\u00e1c \u0111\u1ea1i l\u00fd \u00f4 t\u00f4, c\u00e1c trung t\u00e2m ch\u0103m s\u00f3c xe v\u00e0 c\u00e1c x\u01b0\u1edfng d\u1ecbch v\u1ee5 cao c\u1ea5p tr\u00ean to\u00e0n qu\u1ed1c.<\/p>\n<a href=\"https:\/\/hoanxa.com.vn\/du-an\/\" target=\"_self\" class=\"button primary is-underline is-small\"  style=\"border-radius:10px;\">\n    <span>T\u00ecm hi\u1ec3u th\u00eam c\u00e1c d\u1ef1 \u00e1n<\/span>\n  <i class=\"icon-angle-right\" aria-hidden=\"true\" ><\/i><\/a>\n\n\n\n\t\t<\/div>\n\t\t\t\t\t<\/div>\n\n\t\n\n<\/div>\n\n\t\t<\/div>\n\n\t\t\n<style>\n#section_410463937 {\n  padding-top: 0px;\n  padding-bottom: 0px;\n}\n#section_410463937 .section-bg.bg-loaded {\n  background-image: url(https:\/\/hoanxa.com.vn\/wp-content\/uploads\/revslider\/footer_bg.jpg);\n}\n<\/style>\n\t<\/section>\n\t\n\t<section class=\"section\" id=\"section_299245419\">\n\t\t<div class=\"bg section-bg fill bg-fill  bg-loaded\" >\n\n\t\t\t\n\t\t\t\n\t\t\t\n\n\t\t<\/div>\n\n\t\t\n\n\t\t<div class=\"section-content relative\">\n\t\t\t\n\n<div class=\"row align-middle align-center\"  id=\"row-756754527\">\n\n\n\t<div id=\"col-1716194289\" class=\"col medium-5 small-12 large-5\"  >\n\t\t\t\t<div class=\"col-inner\"  >\n\t\t\t\n\t\t\t\n\n\t<div class=\"img has-hover x md-x lg-x y md-y lg-y\" id=\"image_1237663408\">\n\t\t\t\t\t\t\t\t<div class=\"img-inner dark\" >\n\t\t\t<img loading=\"lazy\" decoding=\"async\" width=\"1024\" height=\"594\" src=\"https:\/\/hoanxa.com.vn\/wp-content\/uploads\/2023\/03\/toyota_thanhnien_WVGU.jpg\" class=\"attachment-original size-original\" alt=\"\" srcset=\"https:\/\/hoanxa.com.vn\/wp-content\/uploads\/2023\/03\/toyota_thanhnien_WVGU.jpg 1024w, https:\/\/hoanxa.com.vn\/wp-content\/uploads\/2023\/03\/toyota_thanhnien_WVGU-510x296.jpg 510w, https:\/\/hoanxa.com.vn\/wp-content\/uploads\/2023\/03\/toyota_thanhnien_WVGU-300x174.jpg 300w, https:\/\/hoanxa.com.vn\/wp-content\/uploads\/2023\/03\/toyota_thanhnien_WVGU-768x446.jpg 768w\" sizes=\"(max-width: 1024px) 100vw, 1024px\" \/>\t\t\t\t\t\t\n\t\t\t\t\t<\/div>\n\t\t\t\t\t\t\t\t\n<style>\n#image_1237663408 {\n  width: 100%;\n}\n<\/style>\n\t<\/div>\n\t\n\n\n\t\t<\/div>\n\t\t\t\t\t<\/div>\n\n\t\n\n\t<div id=\"col-1891807623\" class=\"col medium-5 small-12 large-5\"  >\n\t\t\t\t<div class=\"col-inner\"  >\n\t\t\t\n\t\t\t\n\n<h3><span style=\"font-size: 150%;\">C\u00e1c nh\u00e0 m\u00e1y s\u1ea3n xu\u1ea5t<br \/>\u00f4 t\u00f4 v\u00e0 xe m\u00e1y<\/span><\/h3>\n<p>Nh\u00e0 m\u00e1y Toyota, Yamaha, Honda, Ford, Thaco, \u2026<\/p>\n<a href=\"https:\/\/hoanxa.com.vn\/du-an\/\" target=\"_self\" class=\"button primary is-underline is-small\"  style=\"border-radius:5px;\">\n    <span>T\u00ecm hi\u1ec3u th\u00eam c\u00e1c d\u1ef1 \u00e1n<\/span>\n  <i class=\"icon-angle-right\" aria-hidden=\"true\" ><\/i><\/a>\n\n\n\n\t\t<\/div>\n\t\t\t\t\t<\/div>\n\n\t\n\n\t<div id=\"col-1118618406\" class=\"col medium-5 small-12 large-5\"  >\n\t\t\t\t<div class=\"col-inner\"  >\n\t\t\t\n\t\t\t\n\n<h3><span style=\"font-size: 150%;\">C\u00e1c \u0111\u1ea1i l\u00fd \u00f4 t\u00f4, x\u01b0\u1edfng d\u1ecbch v\u1ee5 v\u00e0 c\u00e1c trung t\u00e2m ch\u0103m s\u00f3c xe tr\u00ean to\u00e0n qu\u1ed1c<\/span><\/h3>\n<p>Toyota, Porsche, Volvo, Audi, Honda, Mercedes Benz<\/p>\n<a href=\"https:\/\/hoanxa.com.vn\/du-an\/\" target=\"_self\" class=\"button primary is-underline is-small\"  style=\"border-radius:5px;\">\n    <span>T\u00ecm hi\u1ec3u th\u00eam c\u00e1c d\u1ef1 \u00e1n<\/span>\n  <i class=\"icon-angle-right\" aria-hidden=\"true\" ><\/i><\/a>\n\n\n\n\t\t<\/div>\n\t\t\t\t\t<\/div>\n\n\t\n\n\t<div id=\"col-526222483\" class=\"col medium-5 small-12 large-5\"  >\n\t\t\t\t<div class=\"col-inner\"  >\n\t\t\t\n\t\t\t\n\n\t<div class=\"img has-hover x md-x lg-x y md-y lg-y\" id=\"image_1964706987\">\n\t\t\t\t\t\t\t\t<div class=\"img-inner dark\" >\n\t\t\t<img loading=\"lazy\" decoding=\"async\" width=\"1586\" height=\"893\" src=\"https:\/\/hoanxa.com.vn\/wp-content\/uploads\/2023\/03\/20200513_113439.jpg\" class=\"attachment-original size-original\" alt=\"\" srcset=\"https:\/\/hoanxa.com.vn\/wp-content\/uploads\/2023\/03\/20200513_113439.jpg 1586w, https:\/\/hoanxa.com.vn\/wp-content\/uploads\/2023\/03\/20200513_113439-510x287.jpg 510w, https:\/\/hoanxa.com.vn\/wp-content\/uploads\/2023\/03\/20200513_113439-300x169.jpg 300w, https:\/\/hoanxa.com.vn\/wp-content\/uploads\/2023\/03\/20200513_113439-1024x577.jpg 1024w, https:\/\/hoanxa.com.vn\/wp-content\/uploads\/2023\/03\/20200513_113439-768x432.jpg 768w, https:\/\/hoanxa.com.vn\/wp-content\/uploads\/2023\/03\/20200513_113439-1536x865.jpg 1536w\" sizes=\"(max-width: 1586px) 100vw, 1586px\" \/>\t\t\t\t\t\t\n\t\t\t\t\t<\/div>\n\t\t\t\t\t\t\t\t\n<style>\n#image_1964706987 {\n  width: 100%;\n}\n<\/style>\n\t<\/div>\n\t\n\n\n\t\t<\/div>\n\t\t\t\t\t<\/div>\n\n\t\n\n<\/div>\n\n\t\t<\/div>\n\n\t\t\n<style>\n#section_299245419 {\n  padding-top: 30px;\n  padding-bottom: 30px;\n}\n<\/style>\n\t<\/section>\n\t","protected":false},"excerpt":{"rendered":"","protected":false},"author":3,"featured_media":0,"parent":0,"menu_order":0,"comment_status":"closed","ping_status":"closed","template":"page-blank.php","meta":{"footnotes":""},"lang":"vi","translations":{"vi":18,"en":1816},"pll_sync_post":[],"_links":{"self":[{"href":"https:\/\/hoanxa.com.vn\/index.php?rest_route=\/wp\/v2\/pages\/18"}],"collection":[{"href":"https:\/\/hoanxa.com.vn\/index.php?rest_route=\/wp\/v2\/pages"}],"about":[{"href":"https:\/\/hoanxa.com.vn\/index.php?rest_route=\/wp\/v2\/types\/page"}],"author":[{"embeddable":true,"href":"https:\/\/hoanxa.com.vn\/index.php?rest_route=\/wp\/v2\/users\/3"}],"replies":[{"embeddable":true,"href":"https:\/\/hoanxa.com.vn\/index.php?rest_route=%2Fwp%2Fv2%2Fcomments&post=18"}],"version-history":[{"count":46,"href":"https:\/\/hoanxa.com.vn\/index.php?rest_route=\/wp\/v2\/pages\/18\/revisions"}],"predecessor-version":[{"id":1991,"href":"https:\/\/hoanxa.com.vn\/index.php?rest_route=\/wp\/v2\/pages\/18\/revisions\/1991"}],"wp:attachment":[{"href":"https:\/\/hoanxa.com.vn\/index.php?rest_route=%2Fwp%2Fv2%2Fmedia&parent=18"}],"curies":[{"name":"wp","href":"https:\/\/api.w.org\/{rel}","templated":true}]}}